{"id":21,"date":"2023-09-29T10:23:10","date_gmt":"2023-09-29T10:23:10","guid":{"rendered":"http:\/\/www.lemu.at\/?page_id=21"},"modified":"2026-04-21T11:11:45","modified_gmt":"2026-04-21T11:11:45","slug":"presse","status":"publish","type":"page","link":"https:\/\/www.lemu.at\/?page_id=21","title":{"rendered":"Preise"},"content":{"rendered":"\t\t<div data-elementor-type=\"wp-page\" data-elementor-id=\"21\" class=\"elementor elementor-21\">\n\t\t\t\t\t\t\t<div class=\"elementor-element elementor-element-6fff6d92 e-con-full e-flex e-con e-parent\" data-id=\"6fff6d92\" data-element_type=\"container\" data-settings=\"{&quot;content_width&quot;:&quot;full&quot;,&quot;background_background&quot;:&quot;slideshow&quot;,&quot;background_slideshow_gallery&quot;:[{&quot;id&quot;:749,&quot;url&quot;:&quot;https:\\\/\\\/www.lemu.at\\\/wp-content\\\/uploads\\\/2024\\\/01\\\/4_Charoux-scaled.jpg&quot;},{&quot;id&quot;:750,&quot;url&quot;:&quot;https:\\\/\\\/www.lemu.at\\\/wp-content\\\/uploads\\\/2024\\\/01\\\/6_-Charoux-Junge-Menschen-scaled.jpg&quot;},{&quot;id&quot;:751,&quot;url&quot;:&quot;https:\\\/\\\/www.lemu.at\\\/wp-content\\\/uploads\\\/2024\\\/01\\\/LEMU_Aussenansicht_Foto-schultzschultz-scaled.jpg&quot;}],&quot;background_slideshow_loop&quot;:&quot;yes&quot;,&quot;background_slideshow_slide_duration&quot;:5000,&quot;background_slideshow_slide_transition&quot;:&quot;fade&quot;,&quot;background_slideshow_transition_duration&quot;:500}\" data-core-v316-plus=\"true\">\n\t\t\t\t<div class=\"elementor-element elementor-element-1da0d348 elementor-widget elementor-widget-heading\" data-id=\"1da0d348\" data-element_type=\"widget\" data-widget_type=\"heading.default\">\n\t\t\t\t<div class=\"elementor-widget-container\">\n\t\t\t<style>\/*! elementor - v3.16.0 - 20-09-2023 *\/\n.elementor-heading-title{padding:0;margin:0;line-height:1}.elementor-widget-heading .elementor-heading-title[class*=elementor-size-]>a{color:inherit;font-size:inherit;line-height:inherit}.elementor-widget-heading .elementor-heading-title.elementor-size-small{font-size:15px}.elementor-widget-heading .elementor-heading-title.elementor-size-medium{font-size:19px}.elementor-widget-heading .elementor-heading-title.elementor-size-large{font-size:29px}.elementor-widget-heading .elementor-heading-title.elementor-size-xl{font-size:39px}.elementor-widget-heading .elementor-heading-title.elementor-size-xxl{font-size:59px}<\/style><h1 class=\"elementor-heading-title elementor-size-default\">\u00d6FFNUNGSZEITEN | EINTRITTSPREISE<\/h1>\t\t<\/div>\n\t\t\t\t<\/div>\n\t\t\t\t<div class=\"elementor-element elementor-element-63065059 elementor-widget elementor-widget-spacer\" data-id=\"63065059\" data-element_type=\"widget\" data-widget_type=\"spacer.default\">\n\t\t\t\t<div class=\"elementor-widget-container\">\n\t\t\t<style>\/*! elementor - v3.16.0 - 20-09-2023 *\/\n.elementor-column .elementor-spacer-inner{height:var(--spacer-size)}.e-con{--container-widget-width:100%}.e-con-inner>.elementor-widget-spacer,.e-con>.elementor-widget-spacer{width:var(--container-widget-width,var(--spacer-size));--align-self:var(--container-widget-align-self,initial);--flex-shrink:0}.e-con-inner>.elementor-widget-spacer>.elementor-widget-container,.e-con>.elementor-widget-spacer>.elementor-widget-container{height:100%;width:100%}.e-con-inner>.elementor-widget-spacer>.elementor-widget-container>.elementor-spacer,.e-con>.elementor-widget-spacer>.elementor-widget-container>.elementor-spacer{height:100%}.e-con-inner>.elementor-widget-spacer>.elementor-widget-container>.elementor-spacer>.elementor-spacer-inner,.e-con>.elementor-widget-spacer>.elementor-widget-container>.elementor-spacer>.elementor-spacer-inner{height:var(--container-widget-height,var(--spacer-size))}.e-con-inner>.elementor-widget-spacer.elementor-widget-empty,.e-con>.elementor-widget-spacer.elementor-widget-empty{position:relative;min-height:22px;min-width:22px}.e-con-inner>.elementor-widget-spacer.elementor-widget-empty .elementor-widget-empty-icon,.e-con>.elementor-widget-spacer.elementor-widget-empty .elementor-widget-empty-icon{position:absolute;top:0;bottom:0;left:0;right:0;margin:auto;padding:0;width:22px;height:22px}<\/style>\t\t<div class=\"elementor-spacer\">\n\t\t\t<div class=\"elementor-spacer-inner\"><\/div>\n\t\t<\/div>\n\t\t\t\t<\/div>\n\t\t\t\t<\/div>\n\t\t\t\t<\/div>\n\t\t<div class=\"elementor-element elementor-element-9c12d60 e-flex e-con-boxed e-con e-parent\" data-id=\"9c12d60\" data-element_type=\"container\" data-settings=\"{&quot;background_background&quot;:&quot;gradient&quot;,&quot;content_width&quot;:&quot;boxed&quot;}\" data-core-v316-plus=\"true\">\n\t\t\t\t\t<div class=\"e-con-inner\">\n\t\t<div class=\"elementor-element elementor-element-10aa2776 e-con-full e-flex e-con e-child\" data-id=\"10aa2776\" data-element_type=\"container\" data-settings=\"{&quot;background_background&quot;:&quot;classic&quot;,&quot;content_width&quot;:&quot;full&quot;}\">\n\t\t\t\t<div class=\"elementor-element elementor-element-226a6ff7 elementor-widget elementor-widget-heading\" data-id=\"226a6ff7\" data-element_type=\"widget\" data-widget_type=\"heading.default\">\n\t\t\t\t<div class=\"elementor-widget-container\">\n\t\t\t<h1 class=\"elementor-heading-title elementor-size-default\">Wir freuen uns \u00fcber Ihren Besuch!<\/h1>\t\t<\/div>\n\t\t\t\t<\/div>\n\t\t\t\t<\/div>\n\t\t<div class=\"elementor-element elementor-element-296477ba e-con-full e-flex e-con e-child\" data-id=\"296477ba\" data-element_type=\"container\" data-settings=\"{&quot;background_background&quot;:&quot;classic&quot;,&quot;content_width&quot;:&quot;full&quot;}\">\n\t\t\t\t<div class=\"elementor-element elementor-element-3c0a1701 elementor-widget__width-initial elementor-widget elementor-widget-text-editor\" data-id=\"3c0a1701\" data-element_type=\"widget\" data-widget_type=\"text-editor.default\">\n\t\t\t\t<div class=\"elementor-widget-container\">\n\t\t\t<style>\/*! elementor - v3.16.0 - 20-09-2023 *\/\n.elementor-widget-text-editor.elementor-drop-cap-view-stacked .elementor-drop-cap{background-color:#69727d;color:#fff}.elementor-widget-text-editor.elementor-drop-cap-view-framed .elementor-drop-cap{color:#69727d;border:3px solid;background-color:transparent}.elementor-widget-text-editor:not(.elementor-drop-cap-view-default) .elementor-drop-cap{margin-top:8px}.elementor-widget-text-editor:not(.elementor-drop-cap-view-default) .elementor-drop-cap-letter{width:1em;height:1em}.elementor-widget-text-editor .elementor-drop-cap{float:left;text-align:center;line-height:1;font-size:50px}.elementor-widget-text-editor .elementor-drop-cap-letter{display:inline-block}<\/style>\t\t\t\t<p>Erleben Sie <strong>Kunst<\/strong>, <strong>Ur- und Ortsgeschichte<\/strong> hautnah und besuchen Sie unserere zahlreichen <strong>Ausstellungen<\/strong> und <strong>Veranstaltungen<\/strong>.<\/p>\t\t\t\t\t\t<\/div>\n\t\t\t\t<\/div>\n\t\t\t\t<\/div>\n\t\t\t\t\t<\/div>\n\t\t\t\t<\/div>\n\t\t<div class=\"elementor-element elementor-element-33292506 e-flex e-con-boxed e-con e-parent\" data-id=\"33292506\" data-element_type=\"container\" data-settings=\"{&quot;background_background&quot;:&quot;classic&quot;,&quot;content_width&quot;:&quot;boxed&quot;}\" data-core-v316-plus=\"true\">\n\t\t\t\t\t<div class=\"e-con-inner\">\n\t\t<div class=\"elementor-element elementor-element-f50a640 e-flex e-con-boxed e-con e-child\" data-id=\"f50a640\" data-element_type=\"container\" data-settings=\"{&quot;background_background&quot;:&quot;classic&quot;,&quot;content_width&quot;:&quot;boxed&quot;}\">\n\t\t\t\t\t<div class=\"e-con-inner\">\n\t\t<div class=\"elementor-element elementor-element-14ff7e1 e-con-full e-flex e-con e-child\" data-id=\"14ff7e1\" data-element_type=\"container\" data-settings=\"{&quot;content_width&quot;:&quot;full&quot;,&quot;background_background&quot;:&quot;classic&quot;}\">\n\t\t\t\t<div class=\"elementor-element elementor-element-9dcfeaf elementor-widget elementor-widget-text-editor\" data-id=\"9dcfeaf\" data-element_type=\"widget\" data-widget_type=\"text-editor.default\">\n\t\t\t\t<div class=\"elementor-widget-container\">\n\t\t\t\t\t\t\t<p>\u00d6ffnungszeiten<\/p>\t\t\t\t\t\t<\/div>\n\t\t\t\t<\/div>\n\t\t\t\t<div class=\"elementor-element elementor-element-4465119 elementor-widget elementor-widget-text-editor\" data-id=\"4465119\" data-element_type=\"widget\" data-widget_type=\"text-editor.default\">\n\t\t\t\t<div class=\"elementor-widget-container\">\n\t\t\t\t\t\t\t<p><strong>Samstag \/ Sonntag \/ Feiertag<br \/><\/strong><span class=\"xr_tl Normaler_Text text_2014_normal_pt_14 Text_16 xr_s14\">14:00-18:00 Uhr <\/span><em><span class=\"xr_tl Normaler_Text text_2014_normal_pt_14 Text_16 xr_s14\">(17:30 Uhr letzter Einlass)<\/span><\/em><\/p><p>Weihnachtspause 14. Dezember 2026 bis 15. J\u00e4nner 2027, Besichtigung nur nach Vereinbarung<\/p>\t\t\t\t\t\t<\/div>\n\t\t\t\t<\/div>\n\t\t\t\t<\/div>\n\t\t<div class=\"elementor-element elementor-element-2e535de e-con-full e-flex e-con e-child\" data-id=\"2e535de\" data-element_type=\"container\" data-settings=\"{&quot;content_width&quot;:&quot;full&quot;}\">\n\t\t\t\t<div class=\"elementor-element elementor-element-7ed9002 elementor-widget elementor-widget-text-editor\" data-id=\"7ed9002\" data-element_type=\"widget\" data-widget_type=\"text-editor.default\">\n\t\t\t\t<div class=\"elementor-widget-container\">\n\t\t\t\t\t\t\t<p>Preise<\/p>\t\t\t\t\t\t<\/div>\n\t\t\t\t<\/div>\n\t\t\t\t<div class=\"elementor-element elementor-element-8ad2c1b elementor-widget elementor-widget-text-editor\" data-id=\"8ad2c1b\" data-element_type=\"widget\" data-widget_type=\"text-editor.default\">\n\t\t\t\t<div class=\"elementor-widget-container\">\n\t\t\t\t\t\t\t<p><span class=\"xr_tl xr_s10\"><strong><span class=\"xr_s11\">Erwachsene<\/span><\/strong>\u00a0<span class=\"xr_s13\">\u20ac<\/span> <span class=\"xr_s13\">8,-\u00a0 \/\u00a0 <\/span><\/span><span class=\"xr_tl xr_s14\">regul\u00e4re Eintrittskarte<br \/><\/span><strong><span class=\"xr_tl xr_s15\"><span class=\"xr_s11\">Erm\u00e4\u00dfigt<\/span><\/span><\/strong><span class=\"xr_tl xr_s15\"><span class=\"xr_s13\"> \u20ac 6,-\u00a0 \/\u00a0 <\/span><\/span><span class=\"xr_tl xr_s16\"><span class=\"xr_s14\">Senioren, erm\u00e4\u00dfigt<\/span>\u00a0<span class=\"xr_s14\">(laut<\/span>\u00a0<span class=\"xr_s14\">Aushang)<br \/><\/span><\/span><span class=\"xr_tl xr_s10\"><strong><span class=\"xr_s11\">Kinder &amp; Jugendliche\u00a0<\/span><\/strong><span class=\"xr_s13\">\u20ac<\/span>\u00a0<span class=\"xr_s13\">3,-\u00a0 \/\u00a0 <\/span><\/span><span class=\"xr_tl xr_s16\"><span class=\"xr_s14\">6 bis 14 Jahre, Sch\u00fcler, Studenten,<\/span>\u00a0<span class=\"xr_s14\">Pr\u00e4senz- und Zivildiener, Wiederbesuch N\u00d6-CARD<br \/><\/span><\/span><span class=\"xr_tl xr_s10\"><span class=\"xr_s11\"><strong>Familien<\/strong>\u00a0<\/span><\/span><span class=\"xr_tl xr_s10\"><span class=\"xr_s13\">\u20ac<\/span>\u00a0<span class=\"xr_s13\">16,-\u00a0 \/\u00a0 <\/span><\/span><span class=\"xr_tl xr_s14\">2 Erwachsene mit Kindern<br \/><\/span><strong><span class=\"xr_tl xr_s15\"><span class=\"xr_s11\">Gruppen\u00a0<\/span><\/span><\/strong><span class=\"xr_tl xr_s15\"><span class=\"xr_s13\">\u20ac 6,-\u00a0 \/ <\/span><\/span><span class=\"xr_tl xr_s16\"><span class=\"xr_s14\">ab<\/span>\u00a0<span class=\"xr_s14\">6<\/span>\u00a0<span class=\"xr_s14\">Personen,<\/span>\u00a0<span class=\"xr_s14\">pro<\/span>\u00a0<span class=\"xr_s14\">Person<br \/><\/span><\/span><strong><span class=\"xr_tl xr_s10\"><span class=\"xr_s11\">Frei\u00a0<\/span><\/span><\/strong><span class=\"xr_tl xr_s10\"><span class=\"xr_s13\">\u20ac<\/span>\u00a0<span class=\"xr_s13\">0,-\u00a0 \/\u00a0 <\/span><\/span><span class=\"xr_tl xr_s14\">Kinder bis 6 Jahre, Mitglieder des Museumsvereins Langenzersdorf,\u00a0<\/span><span class=\"xr_tl xr_s16\"><span class=\"xr_s14\">ICOM-Mitglieder, N\u00d6-CARD, Presse, Mitglieder der Berufsvereinigung der bildenden K\u00fcnstler \u00d6sterreichs, Internationaler K\u00fcnstlerausweis<\/span><\/span><\/p><p><strong><span class=\"xr_tl xr_s15\"><span class=\"xr_s11\">F\u00fchrung<\/span><\/span><\/strong><span class=\"xr_tl xr_s15\"><span class=\"xr_s13\"> \u20ac 3,-\u00a0 \/\u00a0 <\/span><\/span>pro Person (exkl. Museumseintritt)<\/p><p>Die Preise verstehen sich inklusive der gesetzlichen Mehrwertsteuer.<\/p>\t\t\t\t\t\t<\/div>\n\t\t\t\t<\/div>\n\t\t\t\t<\/div>\n\t\t\t\t\t<\/div>\n\t\t\t\t<\/div>\n\t\t\t\t\t<\/div>\n\t\t\t\t<\/div>\n\t\t<div class=\"elementor-element elementor-element-de2cac3 e-flex e-con-boxed e-con e-parent\" data-id=\"de2cac3\" data-element_type=\"container\" data-settings=\"{&quot;background_background&quot;:&quot;classic&quot;,&quot;content_width&quot;:&quot;boxed&quot;}\" data-core-v316-plus=\"true\">\n\t\t\t\t\t<div class=\"e-con-inner\">\n\t\t<div class=\"elementor-element elementor-element-c22d625 e-flex e-con-boxed e-con e-child\" data-id=\"c22d625\" data-element_type=\"container\" data-settings=\"{&quot;background_background&quot;:&quot;classic&quot;,&quot;content_width&quot;:&quot;boxed&quot;}\">\n\t\t\t\t\t<div class=\"e-con-inner\">\n\t\t<div class=\"elementor-element elementor-element-e2669a2 e-con-full e-flex e-con e-child\" data-id=\"e2669a2\" data-element_type=\"container\" data-settings=\"{&quot;content_width&quot;:&quot;full&quot;}\">\n\t\t\t\t<div class=\"elementor-element elementor-element-4c109b1 elementor-widget elementor-widget-text-editor\" data-id=\"4c109b1\" data-element_type=\"widget\" data-widget_type=\"text-editor.default\">\n\t\t\t\t<div class=\"elementor-widget-container\">\n\t\t\t\t\t\t\t<p>F\u00fchrungstermine<\/p>\t\t\t\t\t\t<\/div>\n\t\t\t\t<\/div>\n\t\t\t\t<div class=\"elementor-element elementor-element-0af0cb4 elementor-widget elementor-widget-text-editor\" data-id=\"0af0cb4\" data-element_type=\"widget\" data-widget_type=\"text-editor.default\">\n\t\t\t\t<div class=\"elementor-widget-container\">\n\t\t\t\t\t\t\t<ul><li>Hanak \u2013 Charoux \u2013 Heidel \u2013 Max Brand Tonstudio \u2013 Urgeschichte\/Ortskunde\u00a0 <strong>\u00a002.05.2026, 15:00 Uhr | <\/strong><strong>21<\/strong><strong>.05.2026, 10:00 Uhr<\/strong><\/li><\/ul>\t\t\t\t\t\t<\/div>\n\t\t\t\t<\/div>\n\t\t\t\t<\/div>\n\t\t\t\t\t<\/div>\n\t\t\t\t<\/div>\n\t\t\t\t\t<\/div>\n\t\t\t\t<\/div>\n\t\t<div class=\"elementor-element elementor-element-58f40d4a e-flex e-con-boxed e-con e-parent\" data-id=\"58f40d4a\" data-element_type=\"container\" data-settings=\"{&quot;content_width&quot;:&quot;boxed&quot;}\" data-core-v316-plus=\"true\">\n\t\t\t\t\t<div class=\"e-con-inner\">\n\t\t\t\t<div class=\"elementor-element elementor-element-c8c7765 elementor-widget elementor-widget-heading\" data-id=\"c8c7765\" data-element_type=\"widget\" data-widget_type=\"heading.default\">\n\t\t\t\t<div class=\"elementor-widget-container\">\n\t\t\t<h2 class=\"elementor-heading-title elementor-size-default\">Neuigkeiten & Veranstaltungen<\/h2>\t\t<\/div>\n\t\t\t\t<\/div>\n\t\t\t\t\t<\/div>\n\t\t\t\t<\/div>\n\t\t<div class=\"elementor-element elementor-element-57df5cc3 e-flex e-con-boxed e-con e-parent\" data-id=\"57df5cc3\" data-element_type=\"container\" data-settings=\"{&quot;content_width&quot;:&quot;boxed&quot;}\" data-core-v316-plus=\"true\">\n\t\t\t\t\t<div class=\"e-con-inner\">\n\t\t\t\t<div class=\"elementor-element elementor-element-3ed33ad2 elementor-widget elementor-widget-elementskit-blog-posts\" data-id=\"3ed33ad2\" data-element_type=\"widget\" data-widget_type=\"elementskit-blog-posts.default\">\n\t\t\t\t<div class=\"elementor-widget-container\">\n\t\t\t<div class=\"ekit-wid-con\" >        <div id=\"post-items--3ed33ad2\" class=\"row post-items\">\n                    <div class=\"col-lg-4 col-md-6\">\n\n                                    <div class=\"elementskit-post-image-card\">\n                        <div class=\"elementskit-entry-header\">\n                                                            <a href=\"https:\/\/www.lemu.at\/?p=2499\" class=\"elementskit-entry-thumb\">\n                                    <img decoding=\"async\" src=\"https:\/\/www.lemu.at\/wp-content\/uploads\/2026\/04\/Plakat-Alles-Natur-2026-768x1086.jpg\" alt=\"Aktuelle Ausstellung: \u201eAlles Natur\u201c\">\n                                <\/a><!-- .elementskit-entry-thumb END -->\n                                                            \n                            \n\t\t\t\t\t\t\t\t\t\t\t\t\t<\/div><!-- .elementskit-entry-header END -->\n\n\t\t\t\t\t\t<div class=\"elementskit-post-body \">\n\t\t\t\t\t\t\t\n\t\t\t\t\t\t\t\t\t\t\t\t\t\t\t\t\t\t\t\t\t\t\t\t\t\t\t\t\t\t\n\t\t\t\t\t\t\t\t\n\t\t\t\t\t\t\t\t\t\t\t\t\t\t\t\t\t\t\t\t\t<h2 class=\"entry-title\">\n\t\t\t\t\t<a href=\"https:\/\/www.lemu.at\/?p=2499\">\n\t\t\t\t\t\tAktuelle Ausstellung: \u201eAlles Natur\u201c\t\t\t\t\t<\/a>\n\t\t\t\t<\/h2>\n\t\t\t\t\t\t\t\t\t\t\t\t\t\t\t\t\t\t\t\t\t\t\t\t\t\t\t\t\t\t\t\t\t\t\t\t\t\t\t\t\t\t<p>K\u00fcnstler:innen aus der Region rund um den Bisamberg \/ 6. Mai bis 21. Juni 2026 \/ Kunstschaffende, die rund um den Bisamberg leben und arbeiten,&hellip;<\/p>\n\t\t\t\t\t\t\t\t\t\t\t\t\t\t\t\t\t\t\t\t\t\t                                                            <div class=\"btn-wraper\">\n                                    \n                                                                            <a href=\"https:\/\/www.lemu.at\/?p=2499\" class=\"elementskit-btn  whitespace--normal\" >\n                                                                                    Weiterlesen                                        <\/a>\n                                                                    <\/div>\n                                                    <\/div><!-- .elementskit-post-body END -->\n                    <\/div>\n                \n            <\/div>\n                    <div class=\"col-lg-4 col-md-6\">\n\n                                    <div class=\"elementskit-post-image-card\">\n                        <div class=\"elementskit-entry-header\">\n                                                            <a href=\"https:\/\/www.lemu.at\/?p=2516\" class=\"elementskit-entry-thumb\">\n                                    <img decoding=\"async\" src=\"https:\/\/www.lemu.at\/wp-content\/uploads\/2025\/03\/k_vorschau-juni_lemu_armando-ford_klein-768x512.jpg\" alt=\"Klavierabend mit Armando Ford\">\n                                <\/a><!-- .elementskit-entry-thumb END -->\n                                                            \n                            \n\t\t\t\t\t\t\t\t\t\t\t\t\t<\/div><!-- .elementskit-entry-header END -->\n\n\t\t\t\t\t\t<div class=\"elementskit-post-body \">\n\t\t\t\t\t\t\t\n\t\t\t\t\t\t\t\t\t\t\t\t\t\t\t\t\t\t\t\t\t\t\t\t\t\t\t\t\t\t\n\t\t\t\t\t\t\t\t\n\t\t\t\t\t\t\t\t\t\t\t\t\t\t\t\t\t\t\t\t\t<h2 class=\"entry-title\">\n\t\t\t\t\t<a href=\"https:\/\/www.lemu.at\/?p=2516\">\n\t\t\t\t\t\tKlavierabend mit Armando Ford\t\t\t\t\t<\/a>\n\t\t\t\t<\/h2>\n\t\t\t\t\t\t\t\t\t\t\t\t\t\t\t\t\t\t\t\t\t\t\t\t\t\t\t\t\t\t\t\t\t\t\t\t\t\t\t\t\t\t<p>Sonntag, 31. Mai 2026, 18:30 Uhr \/ Einlass 17:30 Uhr \/ Der in Buenos Aires geborene Pianist Armando Ford, Preistr\u00e4ger internationaler Wettbewerbe und im Museum&hellip;<\/p>\n\t\t\t\t\t\t\t\t\t\t\t\t\t\t\t\t\t\t\t\t\t\t                                                            <div class=\"btn-wraper\">\n                                    \n                                                                            <a href=\"https:\/\/www.lemu.at\/?p=2516\" class=\"elementskit-btn  whitespace--normal\" >\n                                                                                    Weiterlesen                                        <\/a>\n                                                                    <\/div>\n                                                    <\/div><!-- .elementskit-post-body END -->\n                    <\/div>\n                \n            <\/div>\n                    <div class=\"col-lg-4 col-md-6\">\n\n                                    <div class=\"elementskit-post-image-card\">\n                        <div class=\"elementskit-entry-header\">\n                                                            <a href=\"https:\/\/www.lemu.at\/?p=2505\" class=\"elementskit-entry-thumb\">\n                                    <img decoding=\"async\" src=\"https:\/\/www.lemu.at\/wp-content\/uploads\/2026\/04\/k_lemu_internationaler-museumstag_rindler-768x576.jpg\" alt=\"Internationaler Museumstag mit F\u00fchrungen\">\n                                <\/a><!-- .elementskit-entry-thumb END -->\n                                                            \n                            \n\t\t\t\t\t\t\t\t\t\t\t\t\t<\/div><!-- .elementskit-entry-header END -->\n\n\t\t\t\t\t\t<div class=\"elementskit-post-body \">\n\t\t\t\t\t\t\t\n\t\t\t\t\t\t\t\t\t\t\t\t\t\t\t\t\t\t\t\t\t\t\t\t\t\t\t\t\t\t\n\t\t\t\t\t\t\t\t\n\t\t\t\t\t\t\t\t\t\t\t\t\t\t\t\t\t\t\t\t\t<h2 class=\"entry-title\">\n\t\t\t\t\t<a href=\"https:\/\/www.lemu.at\/?p=2505\">\n\t\t\t\t\t\tInternationaler Museumstag mit F\u00fchrungen\t\t\t\t\t<\/a>\n\t\t\t\t<\/h2>\n\t\t\t\t\t\t\t\t\t\t\t\t\t\t\t\t\t\t\t\t\t\t\t\t\t\t\t\t\t\t\t\t\t\t\t\t\t\t\t\t\t\t<p>Sonntag, 17. Mai 2026, 14:00 bis 18:00 Uhr \/ Anl\u00e4sslich des Internationalen Museumstages l\u00e4dt das Museum bei freiem Eintritt zu F\u00fchrungen um 14:30 und 16:30&hellip;<\/p>\n\t\t\t\t\t\t\t\t\t\t\t\t\t\t\t\t\t\t\t\t\t\t                                                            <div class=\"btn-wraper\">\n                                    \n                                                                            <a href=\"https:\/\/www.lemu.at\/?p=2505\" class=\"elementskit-btn  whitespace--normal\" >\n                                                                                    Weiterlesen                                        <\/a>\n                                                                    <\/div>\n                                                    <\/div><!-- .elementskit-post-body END -->\n                    <\/div>\n                \n            <\/div>\n                <\/div>\n       <\/div>\t\t<\/div>\n\t\t\t\t<\/div>\n\t\t\t\t\t<\/div>\n\t\t\t\t<\/div>\n\t\t<div class=\"elementor-element elementor-element-67f6de40 e-flex e-con-boxed e-con e-parent\" data-id=\"67f6de40\" data-element_type=\"container\" data-settings=\"{&quot;background_background&quot;:&quot;gradient&quot;,&quot;content_width&quot;:&quot;boxed&quot;}\" data-core-v316-plus=\"true\">\n\t\t\t\t\t<div class=\"e-con-inner\">\n\t\t<div class=\"elementor-element elementor-element-6924f2cf e-flex e-con-boxed e-con e-child\" data-id=\"6924f2cf\" data-element_type=\"container\" data-settings=\"{&quot;background_background&quot;:&quot;classic&quot;,&quot;content_width&quot;:&quot;boxed&quot;}\">\n\t\t\t\t\t<div class=\"e-con-inner\">\n\t\t\t\t<div class=\"elementor-element elementor-element-4f14b130 elementor-widget elementor-widget-heading\" data-id=\"4f14b130\" data-element_type=\"widget\" data-widget_type=\"heading.default\">\n\t\t\t\t<div class=\"elementor-widget-container\">\n\t\t\t<h1 class=\"elementor-heading-title elementor-size-default\"><a href=\"https:\/\/www.lemu.at\/?page_id=1233\">Museumsverein LEMU<\/a><\/h1>\t\t<\/div>\n\t\t\t\t<\/div>\n\t\t\t\t\t<\/div>\n\t\t\t\t<\/div>\n\t\t<div class=\"elementor-element elementor-element-13d5d840 e-flex e-con-boxed e-con e-child\" data-id=\"13d5d840\" data-element_type=\"container\" data-settings=\"{&quot;background_background&quot;:&quot;classic&quot;,&quot;content_width&quot;:&quot;boxed&quot;}\">\n\t\t\t\t\t<div class=\"e-con-inner\">\n\t\t\t\t<div class=\"elementor-element elementor-element-75f09d58 elementor-widget elementor-widget-heading\" data-id=\"75f09d58\" data-element_type=\"widget\" data-widget_type=\"heading.default\">\n\t\t\t\t<div class=\"elementor-widget-container\">\n\t\t\t<h1 class=\"elementor-heading-title elementor-size-default\"><a href=\"https:\/\/www.lemu.at\/?page_id=22\">Lageplan \/ Anfahrt<\/a><\/h1>\t\t<\/div>\n\t\t\t\t<\/div>\n\t\t\t\t\t<\/div>\n\t\t\t\t<\/div>\n\t\t\t\t\t<\/div>\n\t\t\t\t<\/div>\n\t\t\t\t\t\t\t<\/div>\n\t\t","protected":false},"excerpt":{"rendered":"<p>\u00d6FFNUNGSZEITEN | EINTRITTSPREISE Wir freuen uns \u00fcber Ihren Besuch! Erleben Sie Kunst, Ur- und Ortsgeschichte hautnah und besuchen Sie unserere zahlreichen Ausstellungen und Veranstaltungen. \u00d6ffnungszeiten Samstag \/ Sonntag \/ Feiertag14:00-18:00 Uhr (17:30 Uhr letzter Einlass) Weihnachtspause 14. Dezember 2026 bis 15. J\u00e4nner 2027, Besichtigung nur nach Vereinbarung Preise Erwachsene\u00a0\u20ac 8,-\u00a0 \/\u00a0 regul\u00e4re EintrittskarteErm\u00e4\u00dfigt \u20ac 6,-\u00a0 [&hellip;]<\/p>\n","protected":false},"author":1,"featured_media":0,"parent":0,"menu_order":0,"comment_status":"closed","ping_status":"closed","template":"","meta":{"footnotes":""},"_links":{"self":[{"href":"https:\/\/www.lemu.at\/index.php?rest_route=\/wp\/v2\/pages\/21"}],"collection":[{"href":"https:\/\/www.lemu.at\/index.php?rest_route=\/wp\/v2\/pages"}],"about":[{"href":"https:\/\/www.lemu.at\/index.php?rest_route=\/wp\/v2\/types\/page"}],"author":[{"embeddable":true,"href":"https:\/\/www.lemu.at\/index.php?rest_route=\/wp\/v2\/users\/1"}],"replies":[{"embeddable":true,"href":"https:\/\/www.lemu.at\/index.php?rest_route=%2Fwp%2Fv2%2Fcomments&post=21"}],"version-history":[{"count":194,"href":"https:\/\/www.lemu.at\/index.php?rest_route=\/wp\/v2\/pages\/21\/revisions"}],"predecessor-version":[{"id":2513,"href":"https:\/\/www.lemu.at\/index.php?rest_route=\/wp\/v2\/pages\/21\/revisions\/2513"}],"wp:attachment":[{"href":"https:\/\/www.lemu.at\/index.php?rest_route=%2Fwp%2Fv2%2Fmedia&parent=21"}],"curies":[{"name":"wp","href":"https:\/\/api.w.org\/{rel}","templated":true}]}}