{"id":1692,"date":"2024-04-21T15:39:13","date_gmt":"2024-04-21T15:39:13","guid":{"rendered":"http:\/\/www.lemu.at\/?page_id=1692"},"modified":"2024-08-30T09:08:58","modified_gmt":"2024-08-30T09:08:58","slug":"urgeschichte","status":"publish","type":"page","link":"https:\/\/www.lemu.at\/?page_id=1692","title":{"rendered":"Urgeschichte"},"content":{"rendered":"\t\t<div data-elementor-type=\"wp-page\" data-elementor-id=\"1692\" class=\"elementor elementor-1692\">\n\t\t\t\t\t\t\t<div class=\"elementor-element elementor-element-e5c427f e-con-full e-flex e-con e-parent\" data-id=\"e5c427f\" data-element_type=\"container\" data-settings=\"{&quot;content_width&quot;:&quot;full&quot;,&quot;background_background&quot;:&quot;slideshow&quot;,&quot;background_slideshow_gallery&quot;:[{&quot;id&quot;:749,&quot;url&quot;:&quot;https:\\\/\\\/www.lemu.at\\\/wp-content\\\/uploads\\\/2024\\\/01\\\/4_Charoux-scaled.jpg&quot;},{&quot;id&quot;:750,&quot;url&quot;:&quot;https:\\\/\\\/www.lemu.at\\\/wp-content\\\/uploads\\\/2024\\\/01\\\/6_-Charoux-Junge-Menschen-scaled.jpg&quot;},{&quot;id&quot;:751,&quot;url&quot;:&quot;https:\\\/\\\/www.lemu.at\\\/wp-content\\\/uploads\\\/2024\\\/01\\\/LEMU_Aussenansicht_Foto-schultzschultz-scaled.jpg&quot;}],&quot;background_slideshow_loop&quot;:&quot;yes&quot;,&quot;background_slideshow_slide_duration&quot;:5000,&quot;background_slideshow_slide_transition&quot;:&quot;fade&quot;,&quot;background_slideshow_transition_duration&quot;:500}\" data-core-v316-plus=\"true\">\n\t\t\t\t<div class=\"elementor-element elementor-element-3469387c elementor-widget elementor-widget-heading\" data-id=\"3469387c\" data-element_type=\"widget\" data-widget_type=\"heading.default\">\n\t\t\t\t<div class=\"elementor-widget-container\">\n\t\t\t<style>\/*! elementor - v3.16.0 - 20-09-2023 *\/\n.elementor-heading-title{padding:0;margin:0;line-height:1}.elementor-widget-heading .elementor-heading-title[class*=elementor-size-]>a{color:inherit;font-size:inherit;line-height:inherit}.elementor-widget-heading .elementor-heading-title.elementor-size-small{font-size:15px}.elementor-widget-heading .elementor-heading-title.elementor-size-medium{font-size:19px}.elementor-widget-heading .elementor-heading-title.elementor-size-large{font-size:29px}.elementor-widget-heading .elementor-heading-title.elementor-size-xl{font-size:39px}.elementor-widget-heading .elementor-heading-title.elementor-size-xxl{font-size:59px}<\/style><h1 class=\"elementor-heading-title elementor-size-default\">URGESCHICHTE<\/h1>\t\t<\/div>\n\t\t\t\t<\/div>\n\t\t\t\t<div class=\"elementor-element elementor-element-d611d61 elementor-widget elementor-widget-spacer\" data-id=\"d611d61\" data-element_type=\"widget\" data-widget_type=\"spacer.default\">\n\t\t\t\t<div class=\"elementor-widget-container\">\n\t\t\t<style>\/*! elementor - v3.16.0 - 20-09-2023 *\/\n.elementor-column .elementor-spacer-inner{height:var(--spacer-size)}.e-con{--container-widget-width:100%}.e-con-inner>.elementor-widget-spacer,.e-con>.elementor-widget-spacer{width:var(--container-widget-width,var(--spacer-size));--align-self:var(--container-widget-align-self,initial);--flex-shrink:0}.e-con-inner>.elementor-widget-spacer>.elementor-widget-container,.e-con>.elementor-widget-spacer>.elementor-widget-container{height:100%;width:100%}.e-con-inner>.elementor-widget-spacer>.elementor-widget-container>.elementor-spacer,.e-con>.elementor-widget-spacer>.elementor-widget-container>.elementor-spacer{height:100%}.e-con-inner>.elementor-widget-spacer>.elementor-widget-container>.elementor-spacer>.elementor-spacer-inner,.e-con>.elementor-widget-spacer>.elementor-widget-container>.elementor-spacer>.elementor-spacer-inner{height:var(--container-widget-height,var(--spacer-size))}.e-con-inner>.elementor-widget-spacer.elementor-widget-empty,.e-con>.elementor-widget-spacer.elementor-widget-empty{position:relative;min-height:22px;min-width:22px}.e-con-inner>.elementor-widget-spacer.elementor-widget-empty .elementor-widget-empty-icon,.e-con>.elementor-widget-spacer.elementor-widget-empty .elementor-widget-empty-icon{position:absolute;top:0;bottom:0;left:0;right:0;margin:auto;padding:0;width:22px;height:22px}<\/style>\t\t<div class=\"elementor-spacer\">\n\t\t\t<div class=\"elementor-spacer-inner\"><\/div>\n\t\t<\/div>\n\t\t\t\t<\/div>\n\t\t\t\t<\/div>\n\t\t\t\t<\/div>\n\t\t<div class=\"elementor-element elementor-element-1ff513ab e-flex e-con-boxed e-con e-parent\" data-id=\"1ff513ab\" data-element_type=\"container\" data-settings=\"{&quot;background_background&quot;:&quot;gradient&quot;,&quot;content_width&quot;:&quot;boxed&quot;}\" data-core-v316-plus=\"true\">\n\t\t\t\t\t<div class=\"e-con-inner\">\n\t\t<div class=\"elementor-element elementor-element-8f44875 e-con-full e-flex e-con e-child\" data-id=\"8f44875\" data-element_type=\"container\" data-settings=\"{&quot;background_background&quot;:&quot;classic&quot;,&quot;content_width&quot;:&quot;full&quot;}\">\n\t\t\t\t<div class=\"elementor-element elementor-element-444cc03b elementor-widget elementor-widget-heading\" data-id=\"444cc03b\" data-element_type=\"widget\" data-widget_type=\"heading.default\">\n\t\t\t\t<div class=\"elementor-widget-container\">\n\t\t\t<h1 class=\"elementor-heading-title elementor-size-default\">Sammlung<\/h1>\t\t<\/div>\n\t\t\t\t<\/div>\n\t\t\t\t<\/div>\n\t\t<div class=\"elementor-element elementor-element-1623dd38 e-con-full e-flex e-con e-child\" data-id=\"1623dd38\" data-element_type=\"container\" data-settings=\"{&quot;background_background&quot;:&quot;classic&quot;,&quot;content_width&quot;:&quot;full&quot;}\">\n\t\t\t\t<div class=\"elementor-element elementor-element-28a1d311 elementor-widget__width-initial elementor-widget elementor-widget-text-editor\" data-id=\"28a1d311\" data-element_type=\"widget\" data-widget_type=\"text-editor.default\">\n\t\t\t\t<div class=\"elementor-widget-container\">\n\t\t\t<style>\/*! elementor - v3.16.0 - 20-09-2023 *\/\n.elementor-widget-text-editor.elementor-drop-cap-view-stacked .elementor-drop-cap{background-color:#69727d;color:#fff}.elementor-widget-text-editor.elementor-drop-cap-view-framed .elementor-drop-cap{color:#69727d;border:3px solid;background-color:transparent}.elementor-widget-text-editor:not(.elementor-drop-cap-view-default) .elementor-drop-cap{margin-top:8px}.elementor-widget-text-editor:not(.elementor-drop-cap-view-default) .elementor-drop-cap-letter{width:1em;height:1em}.elementor-widget-text-editor .elementor-drop-cap{float:left;text-align:center;line-height:1;font-size:50px}.elementor-widget-text-editor .elementor-drop-cap-letter{display:inline-block}<\/style>\t\t\t\t<p>Fundst\u00fccke aus Langenzersdorf und der Bisamberg-Region<\/p>\t\t\t\t\t\t<\/div>\n\t\t\t\t<\/div>\n\t\t\t\t<\/div>\n\t\t\t\t\t<\/div>\n\t\t\t\t<\/div>\n\t\t<div class=\"elementor-element elementor-element-6912cc53 e-flex e-con-boxed e-con e-parent\" data-id=\"6912cc53\" data-element_type=\"container\" data-settings=\"{&quot;background_background&quot;:&quot;classic&quot;,&quot;content_width&quot;:&quot;boxed&quot;}\" data-core-v316-plus=\"true\">\n\t\t\t\t\t<div class=\"e-con-inner\">\n\t\t\t\t<div class=\"elementor-element elementor-element-72c804eb elementor-widget elementor-widget-spacer\" data-id=\"72c804eb\" data-element_type=\"widget\" data-widget_type=\"spacer.default\">\n\t\t\t\t<div class=\"elementor-widget-container\">\n\t\t\t\t\t<div class=\"elementor-spacer\">\n\t\t\t<div class=\"elementor-spacer-inner\"><\/div>\n\t\t<\/div>\n\t\t\t\t<\/div>\n\t\t\t\t<\/div>\n\t\t\t\t\t<\/div>\n\t\t\t\t<\/div>\n\t\t<div class=\"elementor-element elementor-element-61ec042e e-flex e-con-boxed e-con e-parent\" data-id=\"61ec042e\" data-element_type=\"container\" data-settings=\"{&quot;background_background&quot;:&quot;gradient&quot;,&quot;content_width&quot;:&quot;boxed&quot;}\" data-core-v316-plus=\"true\">\n\t\t\t\t\t<div class=\"e-con-inner\">\n\t\t<div class=\"elementor-element elementor-element-786bdc1e e-flex e-con-boxed e-con e-child\" data-id=\"786bdc1e\" data-element_type=\"container\" data-settings=\"{&quot;background_background&quot;:&quot;classic&quot;,&quot;content_width&quot;:&quot;boxed&quot;}\">\n\t\t\t\t\t<div class=\"e-con-inner\">\n\t\t\t\t<div class=\"elementor-element elementor-element-618b96e elementor-widget elementor-widget-heading\" data-id=\"618b96e\" data-element_type=\"widget\" data-widget_type=\"heading.default\">\n\t\t\t\t<div class=\"elementor-widget-container\">\n\t\t\t<h2 class=\"elementor-heading-title elementor-size-default\">Die urgeschichtliche Sammlung beinhaltet folgende besondere Fundst\u00fccke:<\/h2>\t\t<\/div>\n\t\t\t\t<\/div>\n\t\t\t\t<div class=\"elementor-element elementor-element-a8ed13b elementor-widget elementor-widget-text-editor\" data-id=\"a8ed13b\" data-element_type=\"widget\" data-widget_type=\"text-editor.default\">\n\t\t\t\t<div class=\"elementor-widget-container\">\n\t\t\t\t\t\t\t<p><strong>Vollst\u00e4ndiges Inventar einer (ungest\u00f6rten) mitteljungsteinzeitlichen Siedlungsgrube auf der Flur Burleiten (Langenzersdorf)<br \/><\/strong>Es geh\u00f6rt zur m\u00e4hrisch-ost\u00f6sterreichischen Gruppe (MOG) der Lengyel Kultur, Typus 1A (auch: Typus Langenzersdorf), etwa 4.800 v. Chr. Ungest\u00f6rte Lengyelsiedlungen sind selten. Der Typus des Fundkomplexes f\u00fchrt in der Fachliteratur den Namen \u201eLangenzersdorf\u201c! Bemerkenswert ist auch die sogenannte <strong>\u201eVenus von Langenzersdorf\u201c<\/strong>, eine Keramikstatuette, die 1955\/56 auf der Flur Burleiten in Bruchst\u00fccken aufgefunden und erg\u00e4nzt wurde. Eine fachgerechte Kopie der \u201eVenus\u201c ist im Museum ausgestellt.<\/p><p><strong>Keramik des Epilengyel-Komplexes (Bisamberg-Oberpullendorf-Gruppe, 4.300-3.800 v. Chr.)<\/strong><\/p><p><strong>Repr\u00e4sentatives Steinwerkzeug (Mikrolithen) der Mittelsteinzeit vom <\/strong><strong>Bisambergplateau<br \/><\/strong>Das \u201eBisamberger Mesolithikum\u201c wird derzeit mit der Beuron-Coincy-Kultur, \u00f6stlicher Bereich (7.\/6. Jt. v. Chr.), in Verbindung gebracht. Mesolithische Fundstellen sind in Ost\u00f6sterreich sp\u00e4rlich.<\/p><p><strong>Fast vollst\u00e4ndiges Skelett eines Hirsches von der Flur Burleiten aus der <\/strong><strong>sp\u00e4ten Hallstattzeit (?), um die Mitte des 1. Jt. v. Chr.<br \/><\/strong>Der Befund der Ausgr\u00e4berin Dr. Ladenbauer-Orel ergab, dass der Hirsch offensichtlich Domestizierungsversuchen ausgesetzt war und kultisch \u201ebestattet\u201c wurde.<\/p><p><strong>Keramik (aus der Ortschaft Bisamberg)<br \/><\/strong>Laut Ausgr\u00e4ber Prof. Eibner handelt es sich um Fundst\u00fccke aus der \u00e4ltesten slawischen Siedlung Ost\u00f6sterreichs (8. Jh. nach Chr.).<\/p>\t\t\t\t\t\t<\/div>\n\t\t\t\t<\/div>\n\t\t\t\t\t<\/div>\n\t\t\t\t<\/div>\n\t\t\t\t\t<\/div>\n\t\t\t\t<\/div>\n\t\t<div class=\"elementor-element elementor-element-80d4b08 e-flex e-con-boxed e-con e-parent\" data-id=\"80d4b08\" data-element_type=\"container\" data-settings=\"{&quot;background_background&quot;:&quot;gradient&quot;,&quot;content_width&quot;:&quot;boxed&quot;}\" data-core-v316-plus=\"true\">\n\t\t\t\t\t<div class=\"e-con-inner\">\n\t\t<div class=\"elementor-element elementor-element-6f8c67e1 e-flex e-con-boxed e-con e-child\" data-id=\"6f8c67e1\" data-element_type=\"container\" data-settings=\"{&quot;background_background&quot;:&quot;classic&quot;,&quot;content_width&quot;:&quot;boxed&quot;}\">\n\t\t\t\t\t<div class=\"e-con-inner\">\n\t\t\t\t<div class=\"elementor-element elementor-element-e10a5a2 elementor-widget elementor-widget-image\" data-id=\"e10a5a2\" data-element_type=\"widget\" data-widget_type=\"image.default\">\n\t\t\t\t<div class=\"elementor-widget-container\">\n\t\t\t<style>\/*! elementor - v3.16.0 - 20-09-2023 *\/\n.elementor-widget-image{text-align:center}.elementor-widget-image a{display:inline-block}.elementor-widget-image a img[src$=\".svg\"]{width:48px}.elementor-widget-image img{vertical-align:middle;display:inline-block}<\/style>\t\t\t\t\t\t\t\t\t\t\t\t<img decoding=\"async\" loading=\"lazy\" width=\"1024\" height=\"682\" src=\"https:\/\/www.lemu.at\/wp-content\/uploads\/2024\/04\/geschichte1-1024x682.jpg\" class=\"attachment-large size-large wp-image-1702\" alt=\"\" srcset=\"https:\/\/www.lemu.at\/wp-content\/uploads\/2024\/04\/geschichte1-1024x682.jpg 1024w, https:\/\/www.lemu.at\/wp-content\/uploads\/2024\/04\/geschichte1-300x200.jpg 300w, https:\/\/www.lemu.at\/wp-content\/uploads\/2024\/04\/geschichte1-768x512.jpg 768w, https:\/\/www.lemu.at\/wp-content\/uploads\/2024\/04\/geschichte1-1536x1023.jpg 1536w, https:\/\/www.lemu.at\/wp-content\/uploads\/2024\/04\/geschichte1.jpg 1600w\" sizes=\"(max-width: 1024px) 100vw, 1024px\" \/>\t\t\t\t\t\t\t\t\t\t\t\t\t\t\t<\/div>\n\t\t\t\t<\/div>\n\t\t\t\t\t<\/div>\n\t\t\t\t<\/div>\n\t\t\t\t\t<\/div>\n\t\t\t\t<\/div>\n\t\t<div class=\"elementor-element elementor-element-17581ea9 e-flex e-con-boxed e-con e-parent\" data-id=\"17581ea9\" data-element_type=\"container\" data-settings=\"{&quot;background_background&quot;:&quot;gradient&quot;,&quot;content_width&quot;:&quot;boxed&quot;}\" data-core-v316-plus=\"true\">\n\t\t\t\t\t<div class=\"e-con-inner\">\n\t\t\t\t<div class=\"elementor-element elementor-element-21fa753b elementor-widget elementor-widget-spacer\" data-id=\"21fa753b\" data-element_type=\"widget\" data-widget_type=\"spacer.default\">\n\t\t\t\t<div class=\"elementor-widget-container\">\n\t\t\t\t\t<div class=\"elementor-spacer\">\n\t\t\t<div class=\"elementor-spacer-inner\"><\/div>\n\t\t<\/div>\n\t\t\t\t<\/div>\n\t\t\t\t<\/div>\n\t\t\t\t\t<\/div>\n\t\t\t\t<\/div>\n\t\t\t\t\t\t\t<\/div>\n\t\t","protected":false},"excerpt":{"rendered":"<p>URGESCHICHTE Sammlung Fundst\u00fccke aus Langenzersdorf und der Bisamberg-Region Die urgeschichtliche Sammlung beinhaltet folgende besondere Fundst\u00fccke: Vollst\u00e4ndiges Inventar einer (ungest\u00f6rten) mitteljungsteinzeitlichen Siedlungsgrube auf der Flur Burleiten (Langenzersdorf)Es geh\u00f6rt zur m\u00e4hrisch-ost\u00f6sterreichischen Gruppe (MOG) der Lengyel Kultur, Typus 1A (auch: Typus Langenzersdorf), etwa 4.800 v. Chr. Ungest\u00f6rte Lengyelsiedlungen sind selten. Der Typus des Fundkomplexes f\u00fchrt in der Fachliteratur [&hellip;]<\/p>\n","protected":false},"author":1,"featured_media":0,"parent":0,"menu_order":0,"comment_status":"closed","ping_status":"closed","template":"","meta":{"footnotes":""},"_links":{"self":[{"href":"https:\/\/www.lemu.at\/index.php?rest_route=\/wp\/v2\/pages\/1692"}],"collection":[{"href":"https:\/\/www.lemu.at\/index.php?rest_route=\/wp\/v2\/pages"}],"about":[{"href":"https:\/\/www.lemu.at\/index.php?rest_route=\/wp\/v2\/types\/page"}],"author":[{"embeddable":true,"href":"https:\/\/www.lemu.at\/index.php?rest_route=\/wp\/v2\/users\/1"}],"replies":[{"embeddable":true,"href":"https:\/\/www.lemu.at\/index.php?rest_route=%2Fwp%2Fv2%2Fcomments&post=1692"}],"version-history":[{"count":58,"href":"https:\/\/www.lemu.at\/index.php?rest_route=\/wp\/v2\/pages\/1692\/revisions"}],"predecessor-version":[{"id":1986,"href":"https:\/\/www.lemu.at\/index.php?rest_route=\/wp\/v2\/pages\/1692\/revisions\/1986"}],"wp:attachment":[{"href":"https:\/\/www.lemu.at\/index.php?rest_route=%2Fwp%2Fv2%2Fmedia&parent=1692"}],"curies":[{"name":"wp","href":"https:\/\/api.w.org\/{rel}","templated":true}]}}