{"id":1596,"date":"2024-04-21T14:18:15","date_gmt":"2024-04-21T14:18:15","guid":{"rendered":"http:\/\/www.lemu.at\/?page_id=1596"},"modified":"2024-04-21T15:05:32","modified_gmt":"2024-04-21T15:05:32","slug":"hanak-schueler","status":"publish","type":"page","link":"https:\/\/www.lemu.at\/?page_id=1596","title":{"rendered":"Hanak-Sch\u00fcler"},"content":{"rendered":"\t\t<div data-elementor-type=\"wp-page\" data-elementor-id=\"1596\" class=\"elementor elementor-1596\">\n\t\t\t\t\t\t\t<div class=\"elementor-element elementor-element-607ff646 e-con-full e-flex e-con e-parent\" data-id=\"607ff646\" data-element_type=\"container\" data-settings=\"{&quot;content_width&quot;:&quot;full&quot;,&quot;background_background&quot;:&quot;slideshow&quot;,&quot;background_slideshow_gallery&quot;:[{&quot;id&quot;:749,&quot;url&quot;:&quot;https:\\\/\\\/www.lemu.at\\\/wp-content\\\/uploads\\\/2024\\\/01\\\/4_Charoux-scaled.jpg&quot;},{&quot;id&quot;:750,&quot;url&quot;:&quot;https:\\\/\\\/www.lemu.at\\\/wp-content\\\/uploads\\\/2024\\\/01\\\/6_-Charoux-Junge-Menschen-scaled.jpg&quot;},{&quot;id&quot;:751,&quot;url&quot;:&quot;https:\\\/\\\/www.lemu.at\\\/wp-content\\\/uploads\\\/2024\\\/01\\\/LEMU_Aussenansicht_Foto-schultzschultz-scaled.jpg&quot;}],&quot;background_slideshow_loop&quot;:&quot;yes&quot;,&quot;background_slideshow_slide_duration&quot;:5000,&quot;background_slideshow_slide_transition&quot;:&quot;fade&quot;,&quot;background_slideshow_transition_duration&quot;:500}\" data-core-v316-plus=\"true\">\n\t\t\t\t<div class=\"elementor-element elementor-element-3e21cc42 elementor-widget elementor-widget-heading\" data-id=\"3e21cc42\" data-element_type=\"widget\" data-widget_type=\"heading.default\">\n\t\t\t\t<div class=\"elementor-widget-container\">\n\t\t\t<style>\/*! elementor - v3.16.0 - 20-09-2023 *\/\n.elementor-heading-title{padding:0;margin:0;line-height:1}.elementor-widget-heading .elementor-heading-title[class*=elementor-size-]>a{color:inherit;font-size:inherit;line-height:inherit}.elementor-widget-heading .elementor-heading-title.elementor-size-small{font-size:15px}.elementor-widget-heading .elementor-heading-title.elementor-size-medium{font-size:19px}.elementor-widget-heading .elementor-heading-title.elementor-size-large{font-size:29px}.elementor-widget-heading .elementor-heading-title.elementor-size-xl{font-size:39px}.elementor-widget-heading .elementor-heading-title.elementor-size-xxl{font-size:59px}<\/style><h1 class=\"elementor-heading-title elementor-size-default\">HANAK SCH\u00dcLER<\/h1>\t\t<\/div>\n\t\t\t\t<\/div>\n\t\t\t\t<div class=\"elementor-element elementor-element-3f682fdd elementor-widget elementor-widget-spacer\" data-id=\"3f682fdd\" data-element_type=\"widget\" data-widget_type=\"spacer.default\">\n\t\t\t\t<div class=\"elementor-widget-container\">\n\t\t\t<style>\/*! elementor - v3.16.0 - 20-09-2023 *\/\n.elementor-column .elementor-spacer-inner{height:var(--spacer-size)}.e-con{--container-widget-width:100%}.e-con-inner>.elementor-widget-spacer,.e-con>.elementor-widget-spacer{width:var(--container-widget-width,var(--spacer-size));--align-self:var(--container-widget-align-self,initial);--flex-shrink:0}.e-con-inner>.elementor-widget-spacer>.elementor-widget-container,.e-con>.elementor-widget-spacer>.elementor-widget-container{height:100%;width:100%}.e-con-inner>.elementor-widget-spacer>.elementor-widget-container>.elementor-spacer,.e-con>.elementor-widget-spacer>.elementor-widget-container>.elementor-spacer{height:100%}.e-con-inner>.elementor-widget-spacer>.elementor-widget-container>.elementor-spacer>.elementor-spacer-inner,.e-con>.elementor-widget-spacer>.elementor-widget-container>.elementor-spacer>.elementor-spacer-inner{height:var(--container-widget-height,var(--spacer-size))}.e-con-inner>.elementor-widget-spacer.elementor-widget-empty,.e-con>.elementor-widget-spacer.elementor-widget-empty{position:relative;min-height:22px;min-width:22px}.e-con-inner>.elementor-widget-spacer.elementor-widget-empty .elementor-widget-empty-icon,.e-con>.elementor-widget-spacer.elementor-widget-empty .elementor-widget-empty-icon{position:absolute;top:0;bottom:0;left:0;right:0;margin:auto;padding:0;width:22px;height:22px}<\/style>\t\t<div class=\"elementor-spacer\">\n\t\t\t<div class=\"elementor-spacer-inner\"><\/div>\n\t\t<\/div>\n\t\t\t\t<\/div>\n\t\t\t\t<\/div>\n\t\t\t\t<\/div>\n\t\t<div class=\"elementor-element elementor-element-1a9a3222 e-flex e-con-boxed e-con e-parent\" data-id=\"1a9a3222\" data-element_type=\"container\" data-settings=\"{&quot;background_background&quot;:&quot;gradient&quot;,&quot;content_width&quot;:&quot;boxed&quot;}\" data-core-v316-plus=\"true\">\n\t\t\t\t\t<div class=\"e-con-inner\">\n\t\t<div class=\"elementor-element elementor-element-3bc153b1 e-con-full e-flex e-con e-child\" data-id=\"3bc153b1\" data-element_type=\"container\" data-settings=\"{&quot;background_background&quot;:&quot;classic&quot;,&quot;content_width&quot;:&quot;full&quot;}\">\n\t\t\t\t<div class=\"elementor-element elementor-element-3164d70d elementor-widget elementor-widget-heading\" data-id=\"3164d70d\" data-element_type=\"widget\" data-widget_type=\"heading.default\">\n\t\t\t\t<div class=\"elementor-widget-container\">\n\t\t\t<h1 class=\"elementor-heading-title elementor-size-default\">150 Sch\u00fclerInnen<\/h1>\t\t<\/div>\n\t\t\t\t<\/div>\n\t\t\t\t<\/div>\n\t\t<div class=\"elementor-element elementor-element-44784b66 e-con-full e-flex e-con e-child\" data-id=\"44784b66\" data-element_type=\"container\" data-settings=\"{&quot;background_background&quot;:&quot;classic&quot;,&quot;content_width&quot;:&quot;full&quot;}\">\n\t\t\t\t<div class=\"elementor-element elementor-element-354ae2bb elementor-widget__width-initial elementor-widget elementor-widget-text-editor\" data-id=\"354ae2bb\" data-element_type=\"widget\" data-widget_type=\"text-editor.default\">\n\t\t\t\t<div class=\"elementor-widget-container\">\n\t\t\t<style>\/*! elementor - v3.16.0 - 20-09-2023 *\/\n.elementor-widget-text-editor.elementor-drop-cap-view-stacked .elementor-drop-cap{background-color:#69727d;color:#fff}.elementor-widget-text-editor.elementor-drop-cap-view-framed .elementor-drop-cap{color:#69727d;border:3px solid;background-color:transparent}.elementor-widget-text-editor:not(.elementor-drop-cap-view-default) .elementor-drop-cap{margin-top:8px}.elementor-widget-text-editor:not(.elementor-drop-cap-view-default) .elementor-drop-cap-letter{width:1em;height:1em}.elementor-widget-text-editor .elementor-drop-cap{float:left;text-align:center;line-height:1;font-size:50px}.elementor-widget-text-editor .elementor-drop-cap-letter{display:inline-block}<\/style>\t\t\t\t<p>einige Werke davon finden Sie in der Sammlung des Langenzersdorf Museum<\/p>\t\t\t\t\t\t<\/div>\n\t\t\t\t<\/div>\n\t\t\t\t<\/div>\n\t\t\t\t\t<\/div>\n\t\t\t\t<\/div>\n\t\t<div class=\"elementor-element elementor-element-5e27414f e-flex e-con-boxed e-con e-parent\" data-id=\"5e27414f\" data-element_type=\"container\" data-settings=\"{&quot;background_background&quot;:&quot;classic&quot;,&quot;content_width&quot;:&quot;boxed&quot;}\" data-core-v316-plus=\"true\">\n\t\t\t\t\t<div class=\"e-con-inner\">\n\t\t\t\t<div class=\"elementor-element elementor-element-6a9b8855 elementor-widget elementor-widget-spacer\" data-id=\"6a9b8855\" data-element_type=\"widget\" data-widget_type=\"spacer.default\">\n\t\t\t\t<div class=\"elementor-widget-container\">\n\t\t\t\t\t<div class=\"elementor-spacer\">\n\t\t\t<div class=\"elementor-spacer-inner\"><\/div>\n\t\t<\/div>\n\t\t\t\t<\/div>\n\t\t\t\t<\/div>\n\t\t\t\t\t<\/div>\n\t\t\t\t<\/div>\n\t\t<div class=\"elementor-element elementor-element-27d9c731 e-flex e-con-boxed e-con e-parent\" data-id=\"27d9c731\" data-element_type=\"container\" data-settings=\"{&quot;background_background&quot;:&quot;gradient&quot;,&quot;content_width&quot;:&quot;boxed&quot;}\" data-core-v316-plus=\"true\">\n\t\t\t\t\t<div class=\"e-con-inner\">\n\t\t<div class=\"elementor-element elementor-element-23726952 e-flex e-con-boxed e-con e-child\" data-id=\"23726952\" data-element_type=\"container\" data-settings=\"{&quot;background_background&quot;:&quot;classic&quot;,&quot;content_width&quot;:&quot;boxed&quot;}\">\n\t\t\t\t\t<div class=\"e-con-inner\">\n\t\t\t\t<div class=\"elementor-element elementor-element-df79736 elementor-widget elementor-widget-heading\" data-id=\"df79736\" data-element_type=\"widget\" data-widget_type=\"heading.default\">\n\t\t\t\t<div class=\"elementor-widget-container\">\n\t\t\t<h2 class=\"elementor-heading-title elementor-size-default\">Nachweisliche Sch\u00fcler<\/h2>\t\t<\/div>\n\t\t\t\t<\/div>\n\t\t\t\t<div class=\"elementor-element elementor-element-878b2de elementor-widget elementor-widget-text-editor\" data-id=\"878b2de\" data-element_type=\"widget\" data-widget_type=\"text-editor.default\">\n\t\t\t\t<div class=\"elementor-widget-container\">\n\t\t\t\t\t\t\t<p>Anton Hanak hatte im Laufe seiner Lehrt\u00e4tigkeit etwa 150 Sch\u00fcler und Sch\u00fclerinnen, einige davon sind mit Werken in der Sammlung des LANGENZERSDORF MUSEUM vertreten.<\/p><p>Auf der Hanak-Sch\u00fcler-Empore in der Hanak-Halle wird eine Auswahl von Arbeiten wichtiger Hanak-Sch\u00fcler gezeigt.<\/p><p><strong>Hanak-Sch\u00fcler an der Kunstgewerbeschule und der Akademie der Bildenden K\u00fcnste in Wien<\/strong><\/p><p><strong>Derzeit ausgestellt:<\/strong><\/p><ul><li><strong>\u00a0<\/strong>Jakob Adlhart (1898-1985)<\/li><li>Hans Baier (1912-1993)<\/li><li>Franz Blum (1914-1942)<\/li><li>Karl (Karol) Duldig (1902-1986)<\/li><li>Walter Gettel (1900-1967)<\/li><li>Margarete Hanusch (1904-1993)<\/li><li>Othmar Jaindl (1911-1982)<\/li><li>Heinz Leinfellner (1911-1974)<\/li><li>Irma Rothstein (1906-1971)<\/li><li>Angela Stadtherr (1899-1983)<\/li><li>Egon Weiner (1906-1987)<\/li><li>Franz Xaver Wirth (1907-1992)<\/li><li>Fritz Wotruba (1907-1975)<\/li><\/ul><p><strong>Derzeit nicht ausgestellt:<\/strong><\/p><ul><li>Max Rieder (1909-2000)<\/li><li>Josef Troyer (1909-1998)<\/li><li>Emil Witasek (1900-1970)<\/li><\/ul><p>\u00a0<\/p>\t\t\t\t\t\t<\/div>\n\t\t\t\t<\/div>\n\t\t\t\t<div class=\"elementor-element elementor-element-fa5a6e8 elementor-hidden-desktop elementor-hidden-tablet elementor-widget elementor-widget-image\" data-id=\"fa5a6e8\" data-element_type=\"widget\" data-widget_type=\"image.default\">\n\t\t\t\t<div class=\"elementor-widget-container\">\n\t\t\t<style>\/*! elementor - v3.16.0 - 20-09-2023 *\/\n.elementor-widget-image{text-align:center}.elementor-widget-image a{display:inline-block}.elementor-widget-image a img[src$=\".svg\"]{width:48px}.elementor-widget-image img{vertical-align:middle;display:inline-block}<\/style>\t\t\t\t\t\t\t\t\t\t\t\t<img decoding=\"async\" loading=\"lazy\" width=\"512\" height=\"770\" src=\"https:\/\/www.lemu.at\/wp-content\/uploads\/2024\/04\/hanak_schueler.jpg\" class=\"attachment-large size-large wp-image-1449\" alt=\"\" srcset=\"https:\/\/www.lemu.at\/wp-content\/uploads\/2024\/04\/hanak_schueler.jpg 512w, https:\/\/www.lemu.at\/wp-content\/uploads\/2024\/04\/hanak_schueler-199x300.jpg 199w\" sizes=\"(max-width: 512px) 100vw, 512px\" \/>\t\t\t\t\t\t\t\t\t\t\t\t\t\t\t<\/div>\n\t\t\t\t<\/div>\n\t\t\t\t<div class=\"elementor-element elementor-element-be7d801 elementor-hidden-mobile elementor-widget elementor-widget-image\" data-id=\"be7d801\" data-element_type=\"widget\" data-widget_type=\"image.default\">\n\t\t\t\t<div class=\"elementor-widget-container\">\n\t\t\t\t\t\t\t\t\t\t\t\t\t\t\t<img decoding=\"async\" loading=\"lazy\" width=\"512\" height=\"770\" src=\"https:\/\/www.lemu.at\/wp-content\/uploads\/2024\/04\/hanak_schueler.jpg\" class=\"attachment-large size-large wp-image-1449\" alt=\"\" srcset=\"https:\/\/www.lemu.at\/wp-content\/uploads\/2024\/04\/hanak_schueler.jpg 512w, https:\/\/www.lemu.at\/wp-content\/uploads\/2024\/04\/hanak_schueler-199x300.jpg 199w\" sizes=\"(max-width: 512px) 100vw, 512px\" \/>\t\t\t\t\t\t\t\t\t\t\t\t\t\t\t<\/div>\n\t\t\t\t<\/div>\n\t\t\t\t\t<\/div>\n\t\t\t\t<\/div>\n\t\t\t\t\t<\/div>\n\t\t\t\t<\/div>\n\t\t<div class=\"elementor-element elementor-element-1db00e8 e-flex e-con-boxed e-con e-parent\" data-id=\"1db00e8\" data-element_type=\"container\" data-settings=\"{&quot;background_background&quot;:&quot;gradient&quot;,&quot;content_width&quot;:&quot;boxed&quot;}\" data-core-v316-plus=\"true\">\n\t\t\t\t\t<div class=\"e-con-inner\">\n\t\t<div class=\"elementor-element elementor-element-8f624ae e-flex e-con-boxed e-con e-child\" data-id=\"8f624ae\" data-element_type=\"container\" data-settings=\"{&quot;background_background&quot;:&quot;classic&quot;,&quot;content_width&quot;:&quot;boxed&quot;}\">\n\t\t\t\t\t<div class=\"e-con-inner\">\n\t\t\t\t<div class=\"elementor-element elementor-element-010dd32 elementor-widget elementor-widget-heading\" data-id=\"010dd32\" data-element_type=\"widget\" data-widget_type=\"heading.default\">\n\t\t\t\t<div class=\"elementor-widget-container\">\n\t\t\t<h2 class=\"elementor-heading-title elementor-size-default\">Angebliche Sch\u00fcler<\/h2>\t\t<\/div>\n\t\t\t\t<\/div>\n\t\t\t\t<div class=\"elementor-element elementor-element-3931b36 elementor-widget elementor-widget-text-editor\" data-id=\"3931b36\" data-element_type=\"widget\" data-widget_type=\"text-editor.default\">\n\t\t\t\t<div class=\"elementor-widget-container\">\n\t\t\t\t\t\t\t<p>Einige K\u00fcnstler bezeichneten sich zwar als Hanak-Sch\u00fcler, doch konnte dies anhand der Sch\u00fclerlisten der Kunstgewerbeschule und der Akademie der Bildenden K\u00fcnste in Wien nicht nachgewiesen werden. Sie waren m\u00f6glicherweise Privatsch\u00fcler bei Anton Hanak oder nur kurz an der Kunstgewerbeschule bzw. an der Akademie, ohne dass dies offiziell verzeichnet wurde.<\/p><p><strong>Derzeit ausgestellt:<br \/><\/strong>Siegfried Charoux (1896-1967)<\/p><p><strong>Derzeit nicht ausgestellt:<br \/><\/strong>Alfred Hartl (1894-1977)<br \/>Martha Sch\u00f6pflin<br \/>Josef Thorak (1889-1952)<\/p>\t\t\t\t\t\t<\/div>\n\t\t\t\t<\/div>\n\t\t\t\t<div class=\"elementor-element elementor-element-c7789a3 elementor-hidden-desktop elementor-hidden-tablet elementor-widget elementor-widget-image\" data-id=\"c7789a3\" data-element_type=\"widget\" data-widget_type=\"image.default\">\n\t\t\t\t<div class=\"elementor-widget-container\">\n\t\t\t\t\t\t\t\t\t\t\t\t\t\t\t<img decoding=\"async\" loading=\"lazy\" width=\"574\" height=\"814\" src=\"https:\/\/www.lemu.at\/wp-content\/uploads\/2024\/04\/gottfried_buchberger_bildhauer.jpg\" class=\"attachment-large size-large wp-image-1456\" alt=\"\" srcset=\"https:\/\/www.lemu.at\/wp-content\/uploads\/2024\/04\/gottfried_buchberger_bildhauer.jpg 574w, https:\/\/www.lemu.at\/wp-content\/uploads\/2024\/04\/gottfried_buchberger_bildhauer-212x300.jpg 212w\" sizes=\"(max-width: 574px) 100vw, 574px\" \/>\t\t\t\t\t\t\t\t\t\t\t\t\t\t\t<\/div>\n\t\t\t\t<\/div>\n\t\t\t\t<div class=\"elementor-element elementor-element-57219c0 elementor-hidden-mobile elementor-widget elementor-widget-image\" data-id=\"57219c0\" data-element_type=\"widget\" data-widget_type=\"image.default\">\n\t\t\t\t<div class=\"elementor-widget-container\">\n\t\t\t\t\t\t\t\t\t\t\t\t\t\t\t<img decoding=\"async\" loading=\"lazy\" width=\"574\" height=\"814\" src=\"https:\/\/www.lemu.at\/wp-content\/uploads\/2024\/04\/gottfried_buchberger_bildhauer.jpg\" class=\"attachment-large size-large wp-image-1456\" alt=\"\" srcset=\"https:\/\/www.lemu.at\/wp-content\/uploads\/2024\/04\/gottfried_buchberger_bildhauer.jpg 574w, https:\/\/www.lemu.at\/wp-content\/uploads\/2024\/04\/gottfried_buchberger_bildhauer-212x300.jpg 212w\" sizes=\"(max-width: 574px) 100vw, 574px\" \/>\t\t\t\t\t\t\t\t\t\t\t\t\t\t\t<\/div>\n\t\t\t\t<\/div>\n\t\t\t\t\t<\/div>\n\t\t\t\t<\/div>\n\t\t\t\t\t<\/div>\n\t\t\t\t<\/div>\n\t\t<div class=\"elementor-element elementor-element-61a96e4f e-flex e-con-boxed e-con e-parent\" data-id=\"61a96e4f\" data-element_type=\"container\" data-settings=\"{&quot;background_background&quot;:&quot;gradient&quot;,&quot;content_width&quot;:&quot;boxed&quot;}\" data-core-v316-plus=\"true\">\n\t\t\t\t\t<div class=\"e-con-inner\">\n\t\t\t\t<div class=\"elementor-element elementor-element-1bf0e1b4 elementor-widget elementor-widget-spacer\" data-id=\"1bf0e1b4\" data-element_type=\"widget\" data-widget_type=\"spacer.default\">\n\t\t\t\t<div class=\"elementor-widget-container\">\n\t\t\t\t\t<div class=\"elementor-spacer\">\n\t\t\t<div class=\"elementor-spacer-inner\"><\/div>\n\t\t<\/div>\n\t\t\t\t<\/div>\n\t\t\t\t<\/div>\n\t\t\t\t\t<\/div>\n\t\t\t\t<\/div>\n\t\t\t\t\t\t\t<\/div>\n\t\t","protected":false},"excerpt":{"rendered":"<p>HANAK SCH\u00dcLER 150 Sch\u00fclerInnen einige Werke davon finden Sie in der Sammlung des Langenzersdorf Museum Nachweisliche Sch\u00fcler Anton Hanak hatte im Laufe seiner Lehrt\u00e4tigkeit etwa 150 Sch\u00fcler und Sch\u00fclerinnen, einige davon sind mit Werken in der Sammlung des LANGENZERSDORF MUSEUM vertreten. Auf der Hanak-Sch\u00fcler-Empore in der Hanak-Halle wird eine Auswahl von Arbeiten wichtiger Hanak-Sch\u00fcler gezeigt. [&hellip;]<\/p>\n","protected":false},"author":1,"featured_media":0,"parent":0,"menu_order":0,"comment_status":"closed","ping_status":"closed","template":"","meta":{"footnotes":""},"_links":{"self":[{"href":"https:\/\/www.lemu.at\/index.php?rest_route=\/wp\/v2\/pages\/1596"}],"collection":[{"href":"https:\/\/www.lemu.at\/index.php?rest_route=\/wp\/v2\/pages"}],"about":[{"href":"https:\/\/www.lemu.at\/index.php?rest_route=\/wp\/v2\/types\/page"}],"author":[{"embeddable":true,"href":"https:\/\/www.lemu.at\/index.php?rest_route=\/wp\/v2\/users\/1"}],"replies":[{"embeddable":true,"href":"https:\/\/www.lemu.at\/index.php?rest_route=%2Fwp%2Fv2%2Fcomments&post=1596"}],"version-history":[{"count":37,"href":"https:\/\/www.lemu.at\/index.php?rest_route=\/wp\/v2\/pages\/1596\/revisions"}],"predecessor-version":[{"id":1640,"href":"https:\/\/www.lemu.at\/index.php?rest_route=\/wp\/v2\/pages\/1596\/revisions\/1640"}],"wp:attachment":[{"href":"https:\/\/www.lemu.at\/index.php?rest_route=%2Fwp%2Fv2%2Fmedia&parent=1596"}],"curies":[{"name":"wp","href":"https:\/\/api.w.org\/{rel}","templated":true}]}}